{"id":16163,"date":"2022-05-25T17:11:30","date_gmt":"2022-05-25T21:11:30","guid":{"rendered":"https:\/\/hellmedia.marketing\/fr\/?page_id=16163"},"modified":"2026-02-12T23:49:11","modified_gmt":"2026-02-13T04:49:11","slug":"devis","status":"publish","type":"page","link":"https:\/\/hellmedia.marketing\/fr\/devis\/","title":{"rendered":"Devis | En-ligne"},"content":{"rendered":"\t\t<div data-elementor-type=\"wp-post\" data-elementor-id=\"16163\" class=\"elementor elementor-16163\" data-elementor-post-type=\"page\">\n\t\t\t\t\t\t<section class=\"elementor-section elementor-top-section elementor-element elementor-element-ebb28bc elementor-section-boxed elementor-section-height-default elementor-section-height-default\" data-id=\"ebb28bc\" data-element_type=\"section\" data-e-type=\"section\">\n\t\t\t\t\t\t<div class=\"elementor-container elementor-column-gap-default\">\n\t\t\t\t\t<div class=\"elementor-column elementor-col-100 elementor-top-column elementor-element elementor-element-d6c9ec5\" data-id=\"d6c9ec5\" data-element_type=\"column\" data-e-type=\"column\">\n\t\t\t<div class=\"elementor-widget-wrap elementor-element-populated\">\n\t\t\t\t\t\t<div class=\"elementor-element elementor-element-6226967 elementor-widget elementor-widget-heading\" data-id=\"6226967\" data-element_type=\"widget\" data-e-type=\"widget\" data-widget_type=\"heading.default\">\n\t\t\t\t<div class=\"elementor-widget-container\">\n\t\t\t\t\t<h2 class=\"elementor-heading-title elementor-size-default\">D\u00c9LAI 48 H<\/h2>\t\t\t\t<\/div>\n\t\t\t\t<\/div>\n\t\t\t\t<div class=\"elementor-element elementor-element-0d52417 elementor-widget elementor-widget-heading\" data-id=\"0d52417\" data-element_type=\"widget\" data-e-type=\"widget\" data-widget_type=\"heading.default\">\n\t\t\t\t<div class=\"elementor-widget-container\">\n\t\t\t\t\t<h1 class=\"elementor-heading-title elementor-size-default\">Obtenez votre plan de leads<\/h1>\t\t\t\t<\/div>\n\t\t\t\t<\/div>\n\t\t\t\t<div class=\"elementor-element elementor-element-fdf0843 elementor-widget elementor-widget-heading\" data-id=\"fdf0843\" data-element_type=\"widget\" data-e-type=\"widget\" data-widget_type=\"heading.default\">\n\t\t\t\t<div class=\"elementor-widget-container\">\n\t\t\t\t\t<h3 class=\"elementor-heading-title elementor-size-default\"><a href=\"https:\/\/hellmedia.marketing\/fr\/\">Quelques questions. On vous livre \u00e7a en 48 h.<\/a><\/h3>\t\t\t\t<\/div>\n\t\t\t\t<\/div>\n\t\t\t\t<div class=\"elementor-element elementor-element-211799c elementor-widget elementor-widget-text-editor\" data-id=\"211799c\" data-element_type=\"widget\" data-e-type=\"widget\" data-widget_type=\"text-editor.default\">\n\t\t\t\t<div class=\"elementor-widget-container\">\n\t\t\t\t\t\t\t\t\t<p><strong>Ce que vous recevez<br \/><br \/><\/strong>\u2022 Aper\u00e7u (SEO, IA, conversion)<br \/>\u2022 Gains rapides en premier<br \/>\u2022 Budget estim\u00e9 + prochaines \u00e9tapes<\/p>\t\t\t\t\t\t\t\t<\/div>\n\t\t\t\t<\/div>\n\t\t\t\t<div class=\"elementor-element elementor-element-b3c7f09 elementor-button-align-stretch elementor-widget elementor-widget-form\" data-id=\"b3c7f09\" data-element_type=\"widget\" data-e-type=\"widget\" data-settings=\"{&quot;step_next_label&quot;:&quot;Next&quot;,&quot;step_previous_label&quot;:&quot;Previous&quot;,&quot;button_width&quot;:&quot;100&quot;,&quot;step_type&quot;:&quot;number_text&quot;,&quot;step_icon_shape&quot;:&quot;circle&quot;}\" data-widget_type=\"form.default\">\n\t\t\t\t<div class=\"elementor-widget-container\">\n\t\t\t\t\t\t\t<form class=\"elementor-form\" method=\"post\" name=\"Quote\" aria-label=\"Quote\">\n\t\t\t<input type=\"hidden\" name=\"post_id\" value=\"16163\"\/>\n\t\t\t<input type=\"hidden\" name=\"form_id\" value=\"b3c7f09\"\/>\n\t\t\t<input type=\"hidden\" name=\"referer_title\" value=\"Devis SEO - Strat\u00e9gies Gagnantes | Montr\u00e9al &amp; Toronto\" \/>\n\n\t\t\t\t\t\t\t<input type=\"hidden\" name=\"queried_id\" value=\"16163\"\/>\n\t\t\t\n\t\t\t<div class=\"elementor-form-fields-wrapper elementor-labels-\">\n\t\t\t\t\t\t\t\t<div class=\"elementor-field-type-text elementor-field-group elementor-column elementor-field-group-email elementor-col-50 elementor-field-required\">\n\t\t\t\t\t\t\t\t\t\t\t\t<label for=\"form-field-email\" class=\"elementor-field-label elementor-screen-only\">\n\t\t\t\t\t\t\t\tNom\t\t\t\t\t\t\t<\/label>\n\t\t\t\t\t\t\t\t\t\t\t\t\t\t<input size=\"1\" type=\"text\" name=\"form_fields[email]\" id=\"form-field-email\" class=\"elementor-field elementor-size-lg  elementor-field-textual\" placeholder=\"Votre nom\" required=\"required\">\n\t\t\t\t\t\t\t\t\t\t\t<\/div>\n\t\t\t\t\t\t\t\t<div class=\"elementor-field-type-text elementor-field-group elementor-column elementor-field-group-field_da4b099 elementor-col-50\">\n\t\t\t\t\t\t\t\t\t\t\t\t<label for=\"form-field-field_da4b099\" class=\"elementor-field-label elementor-screen-only\">\n\t\t\t\t\t\t\t\tVotre companie\t\t\t\t\t\t\t<\/label>\n\t\t\t\t\t\t\t\t\t\t\t\t\t\t<input size=\"1\" type=\"text\" name=\"form_fields[field_da4b099]\" id=\"form-field-field_da4b099\" class=\"elementor-field elementor-size-lg  elementor-field-textual\" placeholder=\"Votre Companie\">\n\t\t\t\t\t\t\t\t\t\t\t<\/div>\n\t\t\t\t\t\t\t\t<div class=\"elementor-field-type-text elementor-field-group elementor-column elementor-field-group-field_d569c2b elementor-col-50\">\n\t\t\t\t\t\t\t\t\t\t\t\t<label for=\"form-field-field_d569c2b\" class=\"elementor-field-label elementor-screen-only\">\n\t\t\t\t\t\t\t\tWebsite\t\t\t\t\t\t\t<\/label>\n\t\t\t\t\t\t\t\t\t\t\t\t\t\t<input size=\"1\" type=\"text\" name=\"form_fields[field_d569c2b]\" id=\"form-field-field_d569c2b\" class=\"elementor-field elementor-size-lg  elementor-field-textual\" placeholder=\"Votre site web*\">\n\t\t\t\t\t\t\t\t\t\t\t<\/div>\n\t\t\t\t\t\t\t\t<div class=\"elementor-field-type-email elementor-field-group elementor-column elementor-field-group-field_50d4d0e elementor-col-50 elementor-field-required\">\n\t\t\t\t\t\t\t\t\t\t\t\t<label for=\"form-field-field_50d4d0e\" class=\"elementor-field-label elementor-screen-only\">\n\t\t\t\t\t\t\t\tEmail\t\t\t\t\t\t\t<\/label>\n\t\t\t\t\t\t\t\t\t\t\t\t\t\t<input size=\"1\" type=\"email\" name=\"form_fields[field_50d4d0e]\" id=\"form-field-field_50d4d0e\" class=\"elementor-field elementor-size-lg  elementor-field-textual\" placeholder=\"Votre courriel*\" required=\"required\">\n\t\t\t\t\t\t\t\t\t\t\t<\/div>\n\t\t\t\t\t\t\t\t<div class=\"elementor-field-type-tel elementor-field-group elementor-column elementor-field-group-field_034365f elementor-col-50 elementor-field-required\">\n\t\t\t\t\t\t\t\t\t\t\t\t<label for=\"form-field-field_034365f\" class=\"elementor-field-label elementor-screen-only\">\n\t\t\t\t\t\t\t\tPhone\t\t\t\t\t\t\t<\/label>\n\t\t\t\t\t\t\t\t<input size=\"1\" type=\"tel\" name=\"form_fields[field_034365f]\" id=\"form-field-field_034365f\" class=\"elementor-field elementor-size-lg  elementor-field-textual\" placeholder=\"Votre t\u00e9l\u00e9phone\" required=\"required\" pattern=\"[0-9()#&amp;+*-=.]+\" title=\"Seuls les caract\u00e8res de num\u00e9ros de t\u00e9l\u00e9phone (#, -, *, etc.) sont accept\u00e9s.\">\n\n\t\t\t\t\t\t<\/div>\n\t\t\t\t\t\t\t\t<div class=\"elementor-field-type-select elementor-field-group elementor-column elementor-field-group-field_68b92b5 elementor-col-50 elementor-field-required\">\n\t\t\t\t\t\t\t\t\t\t\t\t<label for=\"form-field-field_68b92b5\" class=\"elementor-field-label elementor-screen-only\">\n\t\t\t\t\t\t\t\tMonthly Marketing Budget\t\t\t\t\t\t\t<\/label>\n\t\t\t\t\t\t\t\t<div class=\"elementor-field elementor-select-wrapper remove-before \">\n\t\t\t<div class=\"select-caret-down-wrapper\">\n\t\t\t\t<i aria-hidden=\"true\" class=\"eicon-caret-down\"><\/i>\t\t\t<\/div>\n\t\t\t<select name=\"form_fields[field_68b92b5]\" id=\"form-field-field_68b92b5\" class=\"elementor-field-textual elementor-size-lg\" required=\"required\">\n\t\t\t\t\t\t\t\t\t<option value=\"Budget mensuel\">Budget mensuel<\/option>\n\t\t\t\t\t\t\t\t\t<option value=\"Inf\u00e9rieur \u00e0 500 $\">Inf\u00e9rieur \u00e0 500 $<\/option>\n\t\t\t\t\t\t\t\t\t<option value=\"500$ \u00e0 1000$\">500$ \u00e0 1000$<\/option>\n\t\t\t\t\t\t\t\t\t<option value=\"1000$ \u00e0 $2500$\">1000$ \u00e0 $2500$<\/option>\n\t\t\t\t\t\t\t\t\t<option value=\"2500$ \u00e0 $5000$\">2500$ \u00e0 $5000$<\/option>\n\t\t\t\t\t\t\t\t\t<option value=\"5000$ \u00e0 $10000$\">5000$ \u00e0 $10000$<\/option>\n\t\t\t\t\t\t\t\t\t<option value=\"10000$ Et Plus\">10000$ Et Plus<\/option>\n\t\t\t\t\t\t\t\t\t<option value=\"\"><\/option>\n\t\t\t\t\t\t\t\t\t<option value=\"\"><\/option>\n\t\t\t\t\t\t\t<\/select>\n\t\t<\/div>\n\t\t\t\t\t\t<\/div>\n\t\t\t\t\t\t\t\t<div class=\"elementor-field-type-text\">\n\t\t\t\t\t<input size=\"1\" type=\"text\" name=\"form_fields[field_53df368]\" id=\"form-field-field_53df368\" class=\"elementor-field elementor-size-lg \" style=\"display:none !important;\">\t\t\t\t<\/div>\n\t\t\t\t\t\t\t\t<div class=\"elementor-field-type-textarea elementor-field-group elementor-column elementor-field-group-field_5e9f091 elementor-col-100\">\n\t\t\t\t\t\t\t\t\t\t\t\t<label for=\"form-field-field_5e9f091\" class=\"elementor-field-label elementor-screen-only\">\n\t\t\t\t\t\t\t\tUn d\u00e9tail utile pour adapter le plan?\t\t\t\t\t\t\t<\/label>\n\t\t\t\t\t\t<textarea class=\"elementor-field-textual elementor-field  elementor-size-lg\" name=\"form_fields[field_5e9f091]\" id=\"form-field-field_5e9f091\" rows=\"4\" placeholder=\"Un d\u00e9tail pour adapter le plan?\"><\/textarea>\t\t\t\t<\/div>\n\t\t\t\t\t\t\t\t<div class=\"elementor-field-type-checkbox elementor-field-group elementor-column elementor-field-group-field_c62a6d3 elementor-col-50\">\n\t\t\t\t\t\t\t\t\t\t\t\t<label for=\"form-field-field_c62a6d3\" class=\"elementor-field-label elementor-screen-only\">\n\t\t\t\t\t\t\t\tServices Needed:\t\t\t\t\t\t\t<\/label>\n\t\t\t\t\t\t<div class=\"elementor-field-subgroup  \"><span class=\"elementor-field-option\"><input type=\"checkbox\" value=\"SEO + SEO Local\" id=\"form-field-field_c62a6d3-0\" name=\"form_fields[field_c62a6d3][]\"> <label for=\"form-field-field_c62a6d3-0\">SEO + SEO Local<\/label><\/span><span class=\"elementor-field-option\"><input type=\"checkbox\" value=\"Visibilit\u00e9 IA\" id=\"form-field-field_c62a6d3-1\" name=\"form_fields[field_c62a6d3][]\"> <label for=\"form-field-field_c62a6d3-1\">Visibilit\u00e9 IA<\/label><\/span><span class=\"elementor-field-option\"><input type=\"checkbox\" value=\"Optimisation des conversions\" id=\"form-field-field_c62a6d3-2\" name=\"form_fields[field_c62a6d3][]\"> <label for=\"form-field-field_c62a6d3-2\">Optimisation des conversions<\/label><\/span><span class=\"elementor-field-option\"><input type=\"checkbox\" value=\"Publicit\u00e9s Google (PPC)\" id=\"form-field-field_c62a6d3-3\" name=\"form_fields[field_c62a6d3][]\"> <label for=\"form-field-field_c62a6d3-3\">Publicit\u00e9s Google (PPC)<\/label><\/span><span class=\"elementor-field-option\"><input type=\"checkbox\" value=\"Funnels + Automatisation\" id=\"form-field-field_c62a6d3-4\" name=\"form_fields[field_c62a6d3][]\"> <label for=\"form-field-field_c62a6d3-4\">Funnels + Automatisation<\/label><\/span><span class=\"elementor-field-option\"><input type=\"checkbox\" value=\"Autorit\u00e9 + Backlinks\" id=\"form-field-field_c62a6d3-5\" name=\"form_fields[field_c62a6d3][]\"> <label for=\"form-field-field_c62a6d3-5\">Autorit\u00e9 + Backlinks<\/label><\/span><\/div>\t\t\t\t<\/div>\n\t\t\t\t\t\t\t\t<div class=\"elementor-field-type-checkbox elementor-field-group elementor-column elementor-field-group-field_4e390e7 elementor-col-50\">\n\t\t\t\t\t\t\t\t\t\t\t\t<label for=\"form-field-field_4e390e7\" class=\"elementor-field-label elementor-screen-only\">\n\t\t\t\t\t\t\t\tExpectations\t\t\t\t\t\t\t<\/label>\n\t\t\t\t\t\t<div class=\"elementor-field-subgroup  \"><span class=\"elementor-field-option\"><input type=\"checkbox\" value=\"Plus de leads qualifi\u00e9s\" id=\"form-field-field_4e390e7-0\" name=\"form_fields[field_4e390e7][]\"> <label for=\"form-field-field_4e390e7-0\">Plus de leads qualifi\u00e9s<\/label><\/span><span class=\"elementor-field-option\"><input type=\"checkbox\" value=\"Co\u00fbt par lead plus bas\" id=\"form-field-field_4e390e7-1\" name=\"form_fields[field_4e390e7][]\"> <label for=\"form-field-field_4e390e7-1\">Co\u00fbt par lead plus bas<\/label><\/span><span class=\"elementor-field-option\"><input type=\"checkbox\" value=\"Meilleur taux de conversion\" id=\"form-field-field_4e390e7-2\" name=\"form_fields[field_4e390e7][]\"> <label for=\"form-field-field_4e390e7-2\">Meilleur taux de conversion<\/label><\/span><span class=\"elementor-field-option\"><input type=\"checkbox\" value=\"Intentions d\u2019achat\" id=\"form-field-field_4e390e7-3\" name=\"form_fields[field_4e390e7][]\"> <label for=\"form-field-field_4e390e7-3\">Intentions d\u2019achat<\/label><\/span><span class=\"elementor-field-option\"><input type=\"checkbox\" value=\"Visibilit\u00e9 dans l\u2019IA\" id=\"form-field-field_4e390e7-4\" name=\"form_fields[field_4e390e7][]\"> <label for=\"form-field-field_4e390e7-4\">Visibilit\u00e9 dans l\u2019IA<\/label><\/span><span class=\"elementor-field-option\"><input type=\"checkbox\" value=\"Mesure + attribution\" id=\"form-field-field_4e390e7-5\" name=\"form_fields[field_4e390e7][]\"> <label for=\"form-field-field_4e390e7-5\">Mesure + attribution<\/label><\/span><\/div>\t\t\t\t<\/div>\n\t\t\t\t\t\t\t\t<div class=\"elementor-field-type-html elementor-field-group elementor-column elementor-field-group-field_72756a9 elementor-col-100\">\n\t\t\t\t\tCe site est prot\u00e9g\u00e9 par reCAPTCHA et les r\u00e8gles de confidentialit\u00e9 et les conditions d'utilisation de Google s'appliquent.\t\t\t\t<\/div>\n\t\t\t\t\t\t\t\t<div class=\"elementor-field-type-recaptcha_v3 elementor-field-group elementor-column elementor-field-group-field_68debe6 elementor-col-100 recaptcha_v3-bottomright\">\n\t\t\t\t\t<div class=\"elementor-field\" id=\"form-field-field_68debe6\"><div class=\"elementor-g-recaptcha\" data-sitekey=\"6LcDve8cAAAAAG2-VetPxbxJfTnIOgRQmeNay4F1\" data-type=\"v3\" data-action=\"Form\" data-badge=\"bottomright\" data-size=\"invisible\"><\/div><\/div>\t\t\t\t<\/div>\n\t\t\t\t\t\t\t\t<div class=\"elementor-field-group elementor-column elementor-field-type-submit elementor-col-100 e-form__buttons\">\n\t\t\t\t\t<button class=\"elementor-button elementor-size-lg\" type=\"submit\">\n\t\t\t\t\t\t<span class=\"elementor-button-content-wrapper\">\n\t\t\t\t\t\t\t\t\t\t\t\t\t\t\t\t\t\t\t\t\t\t<span class=\"elementor-button-text\">Obtenir mon plan de leads<\/span>\n\t\t\t\t\t\t\t\t\t\t\t\t\t<\/span>\n\t\t\t\t\t<\/button>\n\t\t\t\t<\/div>\n\t\t\t<\/div>\n\t\t<\/form>\n\t\t\t\t\t\t<\/div>\n\t\t\t\t<\/div>\n\t\t\t\t\t<\/div>\n\t\t<\/div>\n\t\t\t\t\t<\/div>\n\t\t<\/section>\n\t\t\t\t<section class=\"elementor-section elementor-top-section elementor-element elementor-element-33a5c1f4 elementor-section-boxed elementor-section-height-default elementor-section-height-default\" data-id=\"33a5c1f4\" data-element_type=\"section\" data-e-type=\"section\" data-settings=\"{&quot;background_background&quot;:&quot;classic&quot;}\">\n\t\t\t\t\t\t<div class=\"elementor-container elementor-column-gap-default\">\n\t\t\t\t\t<div class=\"elementor-column elementor-col-100 elementor-top-column elementor-element elementor-element-79339b2d\" data-id=\"79339b2d\" data-element_type=\"column\" data-e-type=\"column\">\n\t\t\t<div class=\"elementor-widget-wrap elementor-element-populated\">\n\t\t\t\t\t\t<div class=\"elementor-element elementor-element-6f7682ce elementor-widget elementor-widget-heading\" data-id=\"6f7682ce\" data-element_type=\"widget\" data-e-type=\"widget\" data-widget_type=\"heading.default\">\n\t\t\t\t<div class=\"elementor-widget-container\">\n\t\t\t\t\t<h4 class=\"elementor-heading-title elementor-size-default\">Mentionn\u00e9 dans<\/h4>\t\t\t\t<\/div>\n\t\t\t\t<\/div>\n\t\t\t\t<section class=\"elementor-section elementor-inner-section elementor-element elementor-element-5405dd09 elementor-section-boxed elementor-section-height-default elementor-section-height-default\" data-id=\"5405dd09\" data-element_type=\"section\" data-e-type=\"section\">\n\t\t\t\t\t\t<div class=\"elementor-container elementor-column-gap-default\">\n\t\t\t\t\t<div class=\"elementor-column elementor-col-20 elementor-inner-column elementor-element elementor-element-160a290c\" data-id=\"160a290c\" data-element_type=\"column\" data-e-type=\"column\">\n\t\t\t<div class=\"elementor-widget-wrap elementor-element-populated\">\n\t\t\t\t\t\t<div class=\"elementor-element elementor-element-67cba7f5 elementor-widget elementor-widget-image\" data-id=\"67cba7f5\" data-element_type=\"widget\" data-e-type=\"widget\" data-widget_type=\"image.default\">\n\t\t\t\t<div class=\"elementor-widget-container\">\n\t\t\t\t\t\t\t\t\t\t\t\t\t\t\t<img decoding=\"async\" src=\"https:\/\/hellmedia.marketing\/fr\/wp-content\/uploads\/elementor\/thumbs\/MarketWatch-220X100-p2mvjvs5ts5y7er5uwax92p7z6fagql5s6x9ceq6so.jpg\" title=\"MarketWatch 220X100\" alt=\"Toronto - Montreal - Ottawa - Agence SEO #1 \u00e0 Montr\u00e9al\" loading=\"lazy\" \/>\t\t\t\t\t\t\t\t\t\t\t\t\t\t\t<\/div>\n\t\t\t\t<\/div>\n\t\t\t\t\t<\/div>\n\t\t<\/div>\n\t\t\t\t<div class=\"elementor-column elementor-col-20 elementor-inner-column elementor-element elementor-element-625a487\" data-id=\"625a487\" data-element_type=\"column\" data-e-type=\"column\">\n\t\t\t<div class=\"elementor-widget-wrap elementor-element-populated\">\n\t\t\t\t\t\t<div class=\"elementor-element elementor-element-2502c169 elementor-widget elementor-widget-image\" data-id=\"2502c169\" data-element_type=\"widget\" data-e-type=\"widget\" data-widget_type=\"image.default\">\n\t\t\t\t<div class=\"elementor-widget-container\">\n\t\t\t\t\t\t\t\t\t\t\t\t\t\t\t<img decoding=\"async\" src=\"https:\/\/hellmedia.marketing\/fr\/wp-content\/uploads\/elementor\/thumbs\/Manifest-220X100-pbroblwzerf6cy9ml800q8j8a4tgwc8pota0botxig.jpg\" title=\"Manifest-220X100\" alt=\"Consultation Gratuite - HellMedia Montr\u00e9al, Agence SEO #|1\" loading=\"lazy\" \/>\t\t\t\t\t\t\t\t\t\t\t\t\t\t\t<\/div>\n\t\t\t\t<\/div>\n\t\t\t\t\t<\/div>\n\t\t<\/div>\n\t\t\t\t<div class=\"elementor-column elementor-col-20 elementor-inner-column elementor-element elementor-element-72112606\" data-id=\"72112606\" data-element_type=\"column\" data-e-type=\"column\">\n\t\t\t<div class=\"elementor-widget-wrap elementor-element-populated\">\n\t\t\t\t\t\t<div class=\"elementor-element elementor-element-4c88511d elementor-widget elementor-widget-image\" data-id=\"4c88511d\" data-element_type=\"widget\" data-e-type=\"widget\" data-widget_type=\"image.default\">\n\t\t\t\t<div class=\"elementor-widget-container\">\n\t\t\t\t\t\t\t\t\t\t\t\t\t\t\t<img decoding=\"async\" src=\"https:\/\/hellmedia.marketing\/fr\/wp-content\/uploads\/elementor\/thumbs\/Newswire-220X100-p2mvk802ammoec9evjl2nhm7p6r28sxo5vekl082js.jpg\" title=\"Newswire 220X100\" alt=\"Marketing Jobs Toronto Services Agency Toronto\" loading=\"lazy\" \/>\t\t\t\t\t\t\t\t\t\t\t\t\t\t\t<\/div>\n\t\t\t\t<\/div>\n\t\t\t\t\t<\/div>\n\t\t<\/div>\n\t\t\t\t<div class=\"elementor-column elementor-col-20 elementor-inner-column elementor-element elementor-element-62b25c46\" data-id=\"62b25c46\" data-element_type=\"column\" data-e-type=\"column\">\n\t\t\t<div class=\"elementor-widget-wrap elementor-element-populated\">\n\t\t\t\t\t\t<div class=\"elementor-element elementor-element-52ff31eb elementor-widget elementor-widget-image\" data-id=\"52ff31eb\" data-element_type=\"widget\" data-e-type=\"widget\" data-widget_type=\"image.default\">\n\t\t\t\t<div class=\"elementor-widget-container\">\n\t\t\t\t\t\t\t\t\t\t\t\t\t\t\t<img decoding=\"async\" src=\"https:\/\/hellmedia.marketing\/fr\/wp-content\/uploads\/elementor\/thumbs\/Medium-220X100-p2mvktmcntg9tde0daxhqu5td1si5ubhwueqmdc0ko.jpg\" title=\"Medium 220X100\" alt=\"Agence SEO Montr\u00e9al. Communiquez avec nous pour votre Consultation Gratuite de votre site Internet.\" loading=\"lazy\" \/>\t\t\t\t\t\t\t\t\t\t\t\t\t\t\t<\/div>\n\t\t\t\t<\/div>\n\t\t\t\t\t<\/div>\n\t\t<\/div>\n\t\t\t\t<div class=\"elementor-column elementor-col-20 elementor-inner-column elementor-element elementor-element-3f0aa139\" data-id=\"3f0aa139\" data-element_type=\"column\" data-e-type=\"column\">\n\t\t\t<div class=\"elementor-widget-wrap elementor-element-populated\">\n\t\t\t\t\t\t<div class=\"elementor-element elementor-element-173a2e93 elementor-widget elementor-widget-image\" data-id=\"173a2e93\" data-element_type=\"widget\" data-e-type=\"widget\" data-widget_type=\"image.default\">\n\t\t\t\t<div class=\"elementor-widget-container\">\n\t\t\t\t\t\t\t\t\t\t\t\t\t\t\t<img decoding=\"async\" width=\"220\" height=\"100\" src=\"https:\/\/hellmedia.marketing\/fr\/wp-content\/uploads\/2022\/05\/Inc-220X100-1.jpg\" class=\"attachment-large size-large wp-image-16733\" alt=\"INC.com - Obtenez votre Consultation Gratuite en Web SEO et R\u00e9f\u00e9rencement Web\" \/>\t\t\t\t\t\t\t\t\t\t\t\t\t\t\t<\/div>\n\t\t\t\t<\/div>\n\t\t\t\t\t<\/div>\n\t\t<\/div>\n\t\t\t\t\t<\/div>\n\t\t<\/section>\n\t\t\t\t\t<\/div>\n\t\t<\/div>\n\t\t\t\t\t<\/div>\n\t\t<\/section>\n\t\t\t\t<section class=\"elementor-section elementor-top-section elementor-element elementor-element-6405ed1 elementor-section-boxed elementor-section-height-default elementor-section-height-default\" data-id=\"6405ed1\" data-element_type=\"section\" data-e-type=\"section\">\n\t\t\t\t\t\t<div class=\"elementor-container elementor-column-gap-default\">\n\t\t\t\t\t<div class=\"elementor-column elementor-col-100 elementor-top-column elementor-element elementor-element-da2de48\" data-id=\"da2de48\" data-element_type=\"column\" data-e-type=\"column\">\n\t\t\t<div class=\"elementor-widget-wrap elementor-element-populated\">\n\t\t\t\t\t\t<div class=\"elementor-element elementor-element-27a89b0 elementor-widget elementor-widget-heading\" data-id=\"27a89b0\" data-element_type=\"widget\" data-e-type=\"widget\" data-widget_type=\"heading.default\">\n\t\t\t\t<div class=\"elementor-widget-container\">\n\t\t\t\t\t<h3 class=\"elementor-heading-title elementor-size-default\">DES QUESTIONS ? <br>\nCONTACTEZ NOTRE \u00c9QUIPE DE VENTES<br>\nNOUS SOMMES L\u00c0 POUR VOUS AIDER !<\/h3>\t\t\t\t<\/div>\n\t\t\t\t<\/div>\n\t\t\t\t<div class=\"elementor-element elementor-element-59df235 elementor-widget elementor-widget-heading\" data-id=\"59df235\" data-element_type=\"widget\" data-e-type=\"widget\" data-widget_type=\"heading.default\">\n\t\t\t\t<div class=\"elementor-widget-container\">\n\t\t\t\t\t<h3 class=\"elementor-heading-title elementor-size-default\"><a href=\"tel:18778124613\">1.877.812.4613<\/a><\/h3>\t\t\t\t<\/div>\n\t\t\t\t<\/div>\n\t\t\t\t<div class=\"elementor-element elementor-element-f29cb43 elementor-widget elementor-widget-heading\" data-id=\"f29cb43\" data-element_type=\"widget\" data-e-type=\"widget\" data-widget_type=\"heading.default\">\n\t\t\t\t<div class=\"elementor-widget-container\">\n\t\t\t\t\t<h2 class=\"elementor-heading-title elementor-size-default\">Obtenez votre proposition aujourd'hui<\/h2>\t\t\t\t<\/div>\n\t\t\t\t<\/div>\n\t\t\t\t\t<\/div>\n\t\t<\/div>\n\t\t\t\t\t<\/div>\n\t\t<\/section>\n\t\t\t\t<\/div>\n\t\t","protected":false},"excerpt":{"rendered":"<p>D\u00c9LAI 48 H Obtenez votre plan de leads Quelques questions. On vous livre \u00e7a en 48 h. Ce que vous recevez \u2022 Aper\u00e7u (SEO, IA, conversion)\u2022 Gains rapides en premier\u2022 Budget estim\u00e9 + prochaines \u00e9tapes Mentionn\u00e9 dans DES QUESTIONS ? CONTACTEZ NOTRE \u00c9QUIPE DE VENTES NOUS SOMMES L\u00c0 POUR VOUS AIDER ! 1.877.812.4613 Obtenez votre [&hellip;]<\/p>\n","protected":false},"author":1,"featured_media":5781,"parent":0,"menu_order":0,"comment_status":"closed","ping_status":"closed","template":"elementor_header_footer","meta":{"footnotes":""},"class_list":["post-16163","page","type-page","status-publish","has-post-thumbnail","hentry"],"_links":{"self":[{"href":"https:\/\/hellmedia.marketing\/fr\/wp-json\/wp\/v2\/pages\/16163","targetHints":{"allow":["GET"]}}],"collection":[{"href":"https:\/\/hellmedia.marketing\/fr\/wp-json\/wp\/v2\/pages"}],"about":[{"href":"https:\/\/hellmedia.marketing\/fr\/wp-json\/wp\/v2\/types\/page"}],"author":[{"embeddable":true,"href":"https:\/\/hellmedia.marketing\/fr\/wp-json\/wp\/v2\/users\/1"}],"replies":[{"embeddable":true,"href":"https:\/\/hellmedia.marketing\/fr\/wp-json\/wp\/v2\/comments?post=16163"}],"version-history":[{"count":0,"href":"https:\/\/hellmedia.marketing\/fr\/wp-json\/wp\/v2\/pages\/16163\/revisions"}],"wp:featuredmedia":[{"embeddable":true,"href":"https:\/\/hellmedia.marketing\/fr\/wp-json\/wp\/v2\/media\/5781"}],"wp:attachment":[{"href":"https:\/\/hellmedia.marketing\/fr\/wp-json\/wp\/v2\/media?parent=16163"}],"curies":[{"name":"wp","href":"https:\/\/api.w.org\/{rel}","templated":true}]}}